{"id":1666,"date":"2022-12-21T14:58:08","date_gmt":"2022-12-21T14:58:08","guid":{"rendered":"https:\/\/jadeandgold.eu\/?post_type=product&#038;p=1666"},"modified":"2023-03-01T11:22:17","modified_gmt":"2023-03-01T11:22:17","slug":"kocka-za-jogo","status":"publish","type":"product","link":"https:\/\/jadeandgold.eu\/en\/product\/kocka-za-jogo\/","title":{"rendered":"Yoga Block"},"content":{"rendered":"<p>Nepogre\u0161ljiv, preprost in vsestransko uporaben pripomo\u010dek, ki se ga uporablja skoraj pri vseh stilih joge.<\/p>\n<p>Za udobnej\u0161e sedenje in kot podpora pri razli\u010dnih polo\u017eajih.<\/p>\n<p>&nbsp;<\/p>\n<p>Trenutno na zalogi le v zeleni barvi.<\/p>","protected":false},"excerpt":{"rendered":"<p>Nepogre\u0161ljiv, preprost in vsestransko uporaben pripomo\u010dek, ki se ga uporablja skoraj pri vseh stilih joge. Za udobnej\u0161e sedenje in kot podpora pri [&hellip;]<\/p>\n","protected":false},"featured_media":1670,"comment_status":"closed","ping_status":"closed","template":"","meta":[],"product_brand":[],"product_cat":[27],"product_tag":[],"class_list":{"0":"post-1666","1":"product","2":"type-product","3":"status-publish","4":"has-post-thumbnail","6":"product_cat-joga","8":"first","9":"instock","10":"shipping-taxable","11":"purchasable","12":"product-type-simple"},"jetpack_sharing_enabled":true,"_links":{"self":[{"href":"https:\/\/jadeandgold.eu\/en\/wp-json\/wp\/v2\/product\/1666","targetHints":{"allow":["GET"]}}],"collection":[{"href":"https:\/\/jadeandgold.eu\/en\/wp-json\/wp\/v2\/product"}],"about":[{"href":"https:\/\/jadeandgold.eu\/en\/wp-json\/wp\/v2\/types\/product"}],"replies":[{"embeddable":true,"href":"https:\/\/jadeandgold.eu\/en\/wp-json\/wp\/v2\/comments?post=1666"}],"version-history":[{"count":2,"href":"https:\/\/jadeandgold.eu\/en\/wp-json\/wp\/v2\/product\/1666\/revisions"}],"predecessor-version":[{"id":1725,"href":"https:\/\/jadeandgold.eu\/en\/wp-json\/wp\/v2\/product\/1666\/revisions\/1725"}],"wp:featuredmedia":[{"embeddable":true,"href":"https:\/\/jadeandgold.eu\/en\/wp-json\/wp\/v2\/media\/1670"}],"wp:attachment":[{"href":"https:\/\/jadeandgold.eu\/en\/wp-json\/wp\/v2\/media?parent=1666"}],"wp:term":[{"taxonomy":"product_brand","embeddable":true,"href":"https:\/\/jadeandgold.eu\/en\/wp-json\/wp\/v2\/product_brand?post=1666"},{"taxonomy":"product_cat","embeddable":true,"href":"https:\/\/jadeandgold.eu\/en\/wp-json\/wp\/v2\/product_cat?post=1666"},{"taxonomy":"product_tag","embeddable":true,"href":"https:\/\/jadeandgold.eu\/en\/wp-json\/wp\/v2\/product_tag?post=1666"}],"curies":[{"name":"wp","href":"https:\/\/api.w.org\/{rel}","templated":true}]}}