{"id":1825,"date":"2024-07-24T07:04:54","date_gmt":"2024-07-24T07:04:54","guid":{"rendered":"https:\/\/jadeandgold.eu\/?post_type=product&#038;p=1825"},"modified":"2024-10-15T14:32:31","modified_gmt":"2024-10-15T14:32:31","slug":"podloga-za-kolena-za-jogo-in-druge-vadbe","status":"publish","type":"product","link":"https:\/\/jadeandgold.eu\/en\/product\/podloga-za-kolena-za-jogo-in-druge-vadbe\/","title":{"rendered":"Podloga za kolena za jogo in druge vadbe"},"content":{"rendered":"<p>Mehka blazinica za pod kolena, ki ubla\u017ei pritisk med kle\u010danjem in izvajanjem vaj na kolenih.<\/p>\n<p>Primerno za ljudi s po\u0161kodbami kolen, za starej\u0161e in na splo\u0161no za tiste, ki imajo neprijeten ob\u010dutek in \u010dutijo pritisk ob kle\u010danju.<\/p>\n<p>Na voljo v modri, sivi in vijoli\u010dni barvi<\/p>","protected":false},"excerpt":{"rendered":"<p>Mehka blazinica za pod kolena, ki ubla\u017ei pritisk med kle\u010danjem in izvajanjem vaj na kolenih. Primerno za ljudi s po\u0161kodbami kolen, za [&hellip;]<\/p>\n","protected":false},"featured_media":0,"comment_status":"closed","ping_status":"closed","template":"","meta":[],"product_brand":[],"product_cat":[27],"product_tag":[],"class_list":{"0":"post-1825","1":"product","2":"type-product","3":"status-publish","5":"product_cat-joga","6":"product_shipping_class-manjsi-izdelki","8":"first","9":"instock","10":"shipping-taxable","11":"purchasable","12":"product-type-simple"},"jetpack_sharing_enabled":true,"_links":{"self":[{"href":"https:\/\/jadeandgold.eu\/en\/wp-json\/wp\/v2\/product\/1825","targetHints":{"allow":["GET"]}}],"collection":[{"href":"https:\/\/jadeandgold.eu\/en\/wp-json\/wp\/v2\/product"}],"about":[{"href":"https:\/\/jadeandgold.eu\/en\/wp-json\/wp\/v2\/types\/product"}],"replies":[{"embeddable":true,"href":"https:\/\/jadeandgold.eu\/en\/wp-json\/wp\/v2\/comments?post=1825"}],"version-history":[{"count":1,"href":"https:\/\/jadeandgold.eu\/en\/wp-json\/wp\/v2\/product\/1825\/revisions"}],"predecessor-version":[{"id":1826,"href":"https:\/\/jadeandgold.eu\/en\/wp-json\/wp\/v2\/product\/1825\/revisions\/1826"}],"wp:attachment":[{"href":"https:\/\/jadeandgold.eu\/en\/wp-json\/wp\/v2\/media?parent=1825"}],"wp:term":[{"taxonomy":"product_brand","embeddable":true,"href":"https:\/\/jadeandgold.eu\/en\/wp-json\/wp\/v2\/product_brand?post=1825"},{"taxonomy":"product_cat","embeddable":true,"href":"https:\/\/jadeandgold.eu\/en\/wp-json\/wp\/v2\/product_cat?post=1825"},{"taxonomy":"product_tag","embeddable":true,"href":"https:\/\/jadeandgold.eu\/en\/wp-json\/wp\/v2\/product_tag?post=1825"}],"curies":[{"name":"wp","href":"https:\/\/api.w.org\/{rel}","templated":true}]}}