{"id":1836,"date":"2024-12-09T14:56:55","date_gmt":"2024-12-09T14:56:55","guid":{"rendered":"https:\/\/jadeandgold.eu\/?post_type=product&#038;p=1836"},"modified":"2026-01-12T09:01:12","modified_gmt":"2026-01-12T09:01:12","slug":"steklenica-s-kristalom-mahovni-ahat","status":"publish","type":"product","link":"https:\/\/jadeandgold.eu\/en\/product\/steklenica-s-kristalom-mahovni-ahat\/","title":{"rendered":"Steklenica s kristalom mahovni ahat"},"content":{"rendered":"","protected":false},"excerpt":{"rendered":"<p>Prizemljuje in podpira vse kar je povezano z &#8220;zemeljskim&#8221; &#8211; odpira povezavo z naravo, privablja materialno obilje, pomaga pri plodnosti in rojstvu otroka. Podpira nove za\u010detke, krepi samozavest in samopodobo, zmanj\u0161uje stres.<\/p>\n<p>Deluje \u010distilno, krepi imunski sistem, pomaga pri oteklinah in deluje protivnetno. Eliksir nane\u0161en na ko\u017eo naj bi pomagal pri glivi\u010dnih vnetjih.<\/p>\n<p>\u010cakri: korenska in sr\u010dna<\/p>","protected":false},"featured_media":1889,"comment_status":"closed","ping_status":"closed","template":"","meta":[],"product_brand":[],"product_cat":[26,34],"product_tag":[],"class_list":{"0":"post-1836","1":"product","2":"type-product","3":"status-publish","4":"has-post-thumbnail","6":"product_cat-crystals","7":"product_cat-steklenice-za-vodo","9":"first","10":"instock","11":"shipping-taxable","12":"purchasable","13":"product-type-simple"},"jetpack_sharing_enabled":true,"_links":{"self":[{"href":"https:\/\/jadeandgold.eu\/en\/wp-json\/wp\/v2\/product\/1836","targetHints":{"allow":["GET"]}}],"collection":[{"href":"https:\/\/jadeandgold.eu\/en\/wp-json\/wp\/v2\/product"}],"about":[{"href":"https:\/\/jadeandgold.eu\/en\/wp-json\/wp\/v2\/types\/product"}],"replies":[{"embeddable":true,"href":"https:\/\/jadeandgold.eu\/en\/wp-json\/wp\/v2\/comments?post=1836"}],"version-history":[{"count":2,"href":"https:\/\/jadeandgold.eu\/en\/wp-json\/wp\/v2\/product\/1836\/revisions"}],"predecessor-version":[{"id":1892,"href":"https:\/\/jadeandgold.eu\/en\/wp-json\/wp\/v2\/product\/1836\/revisions\/1892"}],"wp:featuredmedia":[{"embeddable":true,"href":"https:\/\/jadeandgold.eu\/en\/wp-json\/wp\/v2\/media\/1889"}],"wp:attachment":[{"href":"https:\/\/jadeandgold.eu\/en\/wp-json\/wp\/v2\/media?parent=1836"}],"wp:term":[{"taxonomy":"product_brand","embeddable":true,"href":"https:\/\/jadeandgold.eu\/en\/wp-json\/wp\/v2\/product_brand?post=1836"},{"taxonomy":"product_cat","embeddable":true,"href":"https:\/\/jadeandgold.eu\/en\/wp-json\/wp\/v2\/product_cat?post=1836"},{"taxonomy":"product_tag","embeddable":true,"href":"https:\/\/jadeandgold.eu\/en\/wp-json\/wp\/v2\/product_tag?post=1836"}],"curies":[{"name":"wp","href":"https:\/\/api.w.org\/{rel}","templated":true}]}}