{"id":1845,"date":"2024-12-07T21:56:12","date_gmt":"2024-12-07T21:56:12","guid":{"rendered":"https:\/\/jadeandgold.eu\/?post_type=product&#038;p=1845"},"modified":"2026-02-03T00:43:09","modified_gmt":"2026-02-03T00:43:09","slug":"steklenica-s-kristalom-rumeni-aventurin","status":"publish","type":"product","link":"https:\/\/jadeandgold.eu\/en\/product\/steklenica-s-kristalom-rumeni-aventurin\/","title":{"rendered":"Steklenica s kristalom rumeni aventurin"},"content":{"rendered":"","protected":false},"excerpt":{"rendered":"<p>Rumeni aventurin daje samozavest, notranjo mo\u010d in pogum. \u00a0Pomaga nam spoznati svojo lastno vrednost, daje odlo\u010dnost in jasnost pri izbirah. Prina\u0161a umirjenost in optimizem. Nasplo\u0161no je kot rumena barva, zelo veder in pozitiven ter prina\u0161a veselje, dobro po\u010dutje in lahkotnost.<\/p>\n<p>Na fizi\u010dnem nivoju bla\u017ei vnetja in otekline, pomirja glavobole in migrene. Pomaga tudi pri prebavnih te\u017eavah.<\/p>\n<p>\u010cakra: son\u010dni plete\u017e<\/p>","protected":false},"featured_media":1854,"comment_status":"closed","ping_status":"closed","template":"","meta":[],"product_brand":[],"product_cat":[26,34],"product_tag":[],"class_list":{"0":"post-1845","1":"product","2":"type-product","3":"status-publish","4":"has-post-thumbnail","6":"product_cat-crystals","7":"product_cat-steklenice-za-vodo","9":"first","10":"instock","11":"sale","12":"shipping-taxable","13":"purchasable","14":"product-type-simple"},"jetpack_sharing_enabled":true,"_links":{"self":[{"href":"https:\/\/jadeandgold.eu\/en\/wp-json\/wp\/v2\/product\/1845","targetHints":{"allow":["GET"]}}],"collection":[{"href":"https:\/\/jadeandgold.eu\/en\/wp-json\/wp\/v2\/product"}],"about":[{"href":"https:\/\/jadeandgold.eu\/en\/wp-json\/wp\/v2\/types\/product"}],"replies":[{"embeddable":true,"href":"https:\/\/jadeandgold.eu\/en\/wp-json\/wp\/v2\/comments?post=1845"}],"version-history":[{"count":5,"href":"https:\/\/jadeandgold.eu\/en\/wp-json\/wp\/v2\/product\/1845\/revisions"}],"predecessor-version":[{"id":2009,"href":"https:\/\/jadeandgold.eu\/en\/wp-json\/wp\/v2\/product\/1845\/revisions\/2009"}],"wp:featuredmedia":[{"embeddable":true,"href":"https:\/\/jadeandgold.eu\/en\/wp-json\/wp\/v2\/media\/1854"}],"wp:attachment":[{"href":"https:\/\/jadeandgold.eu\/en\/wp-json\/wp\/v2\/media?parent=1845"}],"wp:term":[{"taxonomy":"product_brand","embeddable":true,"href":"https:\/\/jadeandgold.eu\/en\/wp-json\/wp\/v2\/product_brand?post=1845"},{"taxonomy":"product_cat","embeddable":true,"href":"https:\/\/jadeandgold.eu\/en\/wp-json\/wp\/v2\/product_cat?post=1845"},{"taxonomy":"product_tag","embeddable":true,"href":"https:\/\/jadeandgold.eu\/en\/wp-json\/wp\/v2\/product_tag?post=1845"}],"curies":[{"name":"wp","href":"https:\/\/api.w.org\/{rel}","templated":true}]}}