{"id":1882,"date":"2024-12-07T22:45:30","date_gmt":"2024-12-07T22:45:30","guid":{"rendered":"https:\/\/jadeandgold.eu\/?post_type=product&#038;p=1882"},"modified":"2025-03-27T09:03:47","modified_gmt":"2025-03-27T09:03:47","slug":"steklenica-s-kristalcki-roznati-turmalin","status":"publish","type":"product","link":"https:\/\/jadeandgold.eu\/en\/product\/steklenica-s-kristalcki-roznati-turmalin\/","title":{"rendered":"Steklenica s kristal\u010dki v kupoli ro\u017enati turmalin"},"content":{"rendered":"<p>Drugo ime zanj je Rubelit<\/p>","protected":false},"excerpt":{"rendered":"<p>Prina\u0161a ljubezen, in na ta na\u010din omogo\u010da, da prebolimo sr\u010dne oz. \u010dustvene te\u017eave povezane z ljubeznijo. Pomaga odpu\u0161\u010dati in predelati stvari povezane z odnosi. V \u017eivljenje vra\u010da veselje in prebuja notranje zadovoljstvo. Daje nam mo\u010d in pogum, \u0161e posebaj v obdobjih prehoda in nesigurnosti. Povezuje pa nas tudi s sr\u010dno energijo Zemlje.<\/p>\n<p>\u010cakre: sr\u010dna in korenska<\/p>","protected":false},"featured_media":1984,"comment_status":"closed","ping_status":"closed","template":"","meta":[],"product_brand":[],"product_cat":[26,34],"product_tag":[],"class_list":{"0":"post-1882","1":"product","2":"type-product","3":"status-publish","4":"has-post-thumbnail","6":"product_cat-crystals","7":"product_cat-steklenice-za-vodo","9":"first","10":"instock","11":"shipping-taxable","12":"purchasable","13":"product-type-simple"},"jetpack_sharing_enabled":true,"_links":{"self":[{"href":"https:\/\/jadeandgold.eu\/en\/wp-json\/wp\/v2\/product\/1882","targetHints":{"allow":["GET"]}}],"collection":[{"href":"https:\/\/jadeandgold.eu\/en\/wp-json\/wp\/v2\/product"}],"about":[{"href":"https:\/\/jadeandgold.eu\/en\/wp-json\/wp\/v2\/types\/product"}],"replies":[{"embeddable":true,"href":"https:\/\/jadeandgold.eu\/en\/wp-json\/wp\/v2\/comments?post=1882"}],"version-history":[{"count":2,"href":"https:\/\/jadeandgold.eu\/en\/wp-json\/wp\/v2\/product\/1882\/revisions"}],"predecessor-version":[{"id":1987,"href":"https:\/\/jadeandgold.eu\/en\/wp-json\/wp\/v2\/product\/1882\/revisions\/1987"}],"wp:featuredmedia":[{"embeddable":true,"href":"https:\/\/jadeandgold.eu\/en\/wp-json\/wp\/v2\/media\/1984"}],"wp:attachment":[{"href":"https:\/\/jadeandgold.eu\/en\/wp-json\/wp\/v2\/media?parent=1882"}],"wp:term":[{"taxonomy":"product_brand","embeddable":true,"href":"https:\/\/jadeandgold.eu\/en\/wp-json\/wp\/v2\/product_brand?post=1882"},{"taxonomy":"product_cat","embeddable":true,"href":"https:\/\/jadeandgold.eu\/en\/wp-json\/wp\/v2\/product_cat?post=1882"},{"taxonomy":"product_tag","embeddable":true,"href":"https:\/\/jadeandgold.eu\/en\/wp-json\/wp\/v2\/product_tag?post=1882"}],"curies":[{"name":"wp","href":"https:\/\/api.w.org\/{rel}","templated":true}]}}