{"id":251,"date":"2021-08-13T09:09:01","date_gmt":"2021-08-13T09:09:01","guid":{"rendered":"http:\/\/localhost\/jadeandgold\/?post_type=product&#038;p=251"},"modified":"2024-01-31T11:47:34","modified_gmt":"2024-01-31T11:47:34","slug":"blazina-za-jogo","status":"publish","type":"product","link":"https:\/\/jadeandgold.eu\/en\/product\/blazina-za-jogo\/","title":{"rendered":"Blazina za jogo &#8211; trenutno ni na zalogi"},"content":{"rendered":"<p>Blazina za jogo na voljo v ve\u010d barvah: oran\u017ena, rde\u010da, \u010drna, vijoli\u010dna, zelena, modra<\/p>\n<p>Izredo trpe\u017ena podlaga za jogo, priljubljena za uporabo v joga studiih. Z debelino 4,5 nudi prijetno podlago za izvajanje polo\u017eajev na tleh. Nedrse\u010da povr\u0161ina zagotavlja dobro oporo tudi pri dinami\u010dnih vrstah joge.<\/p>\n<p>debelina 4, 5 mm<\/p>\n<p>velikost 182 x 80cm<\/p>\n<p>material pvc z eko certifikatom<\/p>\n<p>proizvedeno v Nem\u010diji<\/p>\n<p>&nbsp;<\/p>\n<p>Trenutno na voljo: oran\u017ena, zelena in \u010drna.<\/p>\n<p>&nbsp;<\/p>","protected":false},"excerpt":{"rendered":"<p>Blazina za jogo na voljo v ve\u010d barvah: oran\u017ena, rde\u010da, \u010drna, vijoli\u010dna, zelena, modra Izredo trpe\u017ena podlaga za jogo, priljubljena za uporabo [&hellip;]<\/p>\n","protected":false},"featured_media":1507,"comment_status":"open","ping_status":"closed","template":"","meta":[],"product_brand":[],"product_cat":[27],"product_tag":[],"class_list":{"0":"post-251","1":"product","2":"type-product","3":"status-publish","4":"has-post-thumbnail","6":"product_cat-joga","8":"first","9":"outofstock","10":"shipping-taxable","11":"purchasable","12":"product-type-simple"},"jetpack_sharing_enabled":true,"_links":{"self":[{"href":"https:\/\/jadeandgold.eu\/en\/wp-json\/wp\/v2\/product\/251","targetHints":{"allow":["GET"]}}],"collection":[{"href":"https:\/\/jadeandgold.eu\/en\/wp-json\/wp\/v2\/product"}],"about":[{"href":"https:\/\/jadeandgold.eu\/en\/wp-json\/wp\/v2\/types\/product"}],"replies":[{"embeddable":true,"href":"https:\/\/jadeandgold.eu\/en\/wp-json\/wp\/v2\/comments?post=251"}],"version-history":[{"count":5,"href":"https:\/\/jadeandgold.eu\/en\/wp-json\/wp\/v2\/product\/251\/revisions"}],"predecessor-version":[{"id":1812,"href":"https:\/\/jadeandgold.eu\/en\/wp-json\/wp\/v2\/product\/251\/revisions\/1812"}],"wp:featuredmedia":[{"embeddable":true,"href":"https:\/\/jadeandgold.eu\/en\/wp-json\/wp\/v2\/media\/1507"}],"wp:attachment":[{"href":"https:\/\/jadeandgold.eu\/en\/wp-json\/wp\/v2\/media?parent=251"}],"wp:term":[{"taxonomy":"product_brand","embeddable":true,"href":"https:\/\/jadeandgold.eu\/en\/wp-json\/wp\/v2\/product_brand?post=251"},{"taxonomy":"product_cat","embeddable":true,"href":"https:\/\/jadeandgold.eu\/en\/wp-json\/wp\/v2\/product_cat?post=251"},{"taxonomy":"product_tag","embeddable":true,"href":"https:\/\/jadeandgold.eu\/en\/wp-json\/wp\/v2\/product_tag?post=251"}],"curies":[{"name":"wp","href":"https:\/\/api.w.org\/{rel}","templated":true}]}}