{"id":366,"date":"2021-11-20T08:21:08","date_gmt":"2021-11-20T08:21:08","guid":{"rendered":"http:\/\/jadeandgold.eu\/?post_type=product&#038;p=366"},"modified":"2024-12-13T15:33:07","modified_gmt":"2024-12-13T15:33:07","slug":"blazina-za-jogo-zlata-mandala-rdeca","status":"publish","type":"product","link":"https:\/\/jadeandgold.eu\/en\/product\/blazina-za-jogo-zlata-mandala-rdeca\/","title":{"rendered":"Yoga Mat Golden Mandala - Red"},"content":{"rendered":"<p>Izredo trpe\u017ena podlaga za jogo, priljubljena za uporabo tudi v joga studiih. Z debelino 4,5mm nudi prijetno podlago za izvajanje polo\u017eajev na tleh. Nedrse\u010da povr\u0161ina zagotavlja dobro oporo tudi pri dinami\u010dnih vrstah joge.<\/p>\n<p>debelina 4, 5 mm<\/p>\n<p>velikost 182 x 80cm<\/p>\n<p>material pvc z eko certifikatom<\/p>\n<p>proizvedeno v Nem\u010diji<\/p>\n<p>&nbsp;<\/p>","protected":false},"excerpt":{"rendered":"<p>Izredo trpe\u017ena podlaga za jogo, priljubljena za uporabo tudi v joga studiih. Z debelino 4,5mm nudi prijetno podlago za izvajanje polo\u017eajev na [&hellip;]<\/p>\n","protected":false},"featured_media":398,"comment_status":"closed","ping_status":"closed","template":"","meta":[],"product_brand":[],"product_cat":[27],"product_tag":[],"class_list":{"0":"post-366","1":"product","2":"type-product","3":"status-publish","4":"has-post-thumbnail","6":"product_cat-joga","8":"first","9":"instock","10":"shipping-taxable","11":"purchasable","12":"product-type-simple"},"jetpack_sharing_enabled":true,"_links":{"self":[{"href":"https:\/\/jadeandgold.eu\/en\/wp-json\/wp\/v2\/product\/366","targetHints":{"allow":["GET"]}}],"collection":[{"href":"https:\/\/jadeandgold.eu\/en\/wp-json\/wp\/v2\/product"}],"about":[{"href":"https:\/\/jadeandgold.eu\/en\/wp-json\/wp\/v2\/types\/product"}],"replies":[{"embeddable":true,"href":"https:\/\/jadeandgold.eu\/en\/wp-json\/wp\/v2\/comments?post=366"}],"version-history":[{"count":3,"href":"https:\/\/jadeandgold.eu\/en\/wp-json\/wp\/v2\/product\/366\/revisions"}],"predecessor-version":[{"id":1604,"href":"https:\/\/jadeandgold.eu\/en\/wp-json\/wp\/v2\/product\/366\/revisions\/1604"}],"wp:featuredmedia":[{"embeddable":true,"href":"https:\/\/jadeandgold.eu\/en\/wp-json\/wp\/v2\/media\/398"}],"wp:attachment":[{"href":"https:\/\/jadeandgold.eu\/en\/wp-json\/wp\/v2\/media?parent=366"}],"wp:term":[{"taxonomy":"product_brand","embeddable":true,"href":"https:\/\/jadeandgold.eu\/en\/wp-json\/wp\/v2\/product_brand?post=366"},{"taxonomy":"product_cat","embeddable":true,"href":"https:\/\/jadeandgold.eu\/en\/wp-json\/wp\/v2\/product_cat?post=366"},{"taxonomy":"product_tag","embeddable":true,"href":"https:\/\/jadeandgold.eu\/en\/wp-json\/wp\/v2\/product_tag?post=366"}],"curies":[{"name":"wp","href":"https:\/\/api.w.org\/{rel}","templated":true}]}}