{"id":367,"date":"2021-11-20T08:22:01","date_gmt":"2021-11-20T08:22:01","guid":{"rendered":"http:\/\/jadeandgold.eu\/?post_type=product&#038;p=367"},"modified":"2025-01-19T19:29:28","modified_gmt":"2025-01-19T19:29:28","slug":"blazina-za-jogo-zlata-mandala-siva","status":"publish","type":"product","link":"https:\/\/jadeandgold.eu\/en\/product\/blazina-za-jogo-zlata-mandala-siva\/","title":{"rendered":"Yoga Mat Golden Mandala - Grey"},"content":{"rendered":"<div class=\"gmail_default\">\n<p>Izredo trpe\u017ena podlaga za jogo, priljubljena za uporabo tudi v joga studiih.<\/p>\n<p>Z debelino 4,5 nudi prijetno podlago za izvajanje polo\u017eajev na tleh. Nedrse\u010da povr\u0161ina zagotavlja dobro oporo tudi pri dinami\u010dnih vrstah joge.<\/p>\n<\/div>\n<p>Zlata mandala je preizku\u0161eno dobro obstojna<\/p>\n<div class=\"gmail_default\">\n<p>Velikost 182 x 80cm<\/p>\n<p>Material pvc z eko certifikatom<\/p>\n<p>Proizvedeno v Nem\u010diji<\/p>\n<p>&nbsp;<\/p>\n<p>&nbsp;<\/p>\n<\/div>\n<div class=\"gmail_default\"><\/div>","protected":false},"excerpt":{"rendered":"<p>Izredo trpe\u017ena podlaga za jogo, priljubljena za uporabo tudi v joga studiih. Z debelino 4,5 nudi prijetno podlago za izvajanje polo\u017eajev na [&hellip;]<\/p>\n","protected":false},"featured_media":184,"comment_status":"closed","ping_status":"closed","template":"","meta":[],"product_brand":[],"product_cat":[27],"product_tag":[],"class_list":{"0":"post-367","1":"product","2":"type-product","3":"status-publish","4":"has-post-thumbnail","6":"product_cat-joga","8":"first","9":"outofstock","10":"shipping-taxable","11":"purchasable","12":"product-type-simple"},"jetpack_sharing_enabled":true,"_links":{"self":[{"href":"https:\/\/jadeandgold.eu\/en\/wp-json\/wp\/v2\/product\/367","targetHints":{"allow":["GET"]}}],"collection":[{"href":"https:\/\/jadeandgold.eu\/en\/wp-json\/wp\/v2\/product"}],"about":[{"href":"https:\/\/jadeandgold.eu\/en\/wp-json\/wp\/v2\/types\/product"}],"replies":[{"embeddable":true,"href":"https:\/\/jadeandgold.eu\/en\/wp-json\/wp\/v2\/comments?post=367"}],"version-history":[{"count":4,"href":"https:\/\/jadeandgold.eu\/en\/wp-json\/wp\/v2\/product\/367\/revisions"}],"predecessor-version":[{"id":1602,"href":"https:\/\/jadeandgold.eu\/en\/wp-json\/wp\/v2\/product\/367\/revisions\/1602"}],"wp:featuredmedia":[{"embeddable":true,"href":"https:\/\/jadeandgold.eu\/en\/wp-json\/wp\/v2\/media\/184"}],"wp:attachment":[{"href":"https:\/\/jadeandgold.eu\/en\/wp-json\/wp\/v2\/media?parent=367"}],"wp:term":[{"taxonomy":"product_brand","embeddable":true,"href":"https:\/\/jadeandgold.eu\/en\/wp-json\/wp\/v2\/product_brand?post=367"},{"taxonomy":"product_cat","embeddable":true,"href":"https:\/\/jadeandgold.eu\/en\/wp-json\/wp\/v2\/product_cat?post=367"},{"taxonomy":"product_tag","embeddable":true,"href":"https:\/\/jadeandgold.eu\/en\/wp-json\/wp\/v2\/product_tag?post=367"}],"curies":[{"name":"wp","href":"https:\/\/api.w.org\/{rel}","templated":true}]}}